{"id":414,"date":"2011-01-28T19:39:51","date_gmt":"2011-01-29T00:39:51","guid":{"rendered":"http:\/\/fiduinmobiliarios.com\/prueba\/?page_id=414"},"modified":"2011-08-31T22:00:14","modified_gmt":"2011-09-01T03:00:14","slug":"oferta-de-empleo","status":"publish","type":"page","link":"https:\/\/fiduinmobiliarios.com\/?page_id=414","title":{"rendered":"Oferta de Empleo"},"content":{"rendered":"<p>1. Mercadotecnistas con experiencia en call center, ingresos variables con opci\u00f3n fijo seg\u00fan desempe\u00f1o. Horario libre. Interezados enviar hoja de vida a <a href=\"mailto:callcenter@fiduinmobiliarios.com\">callcenter@fiduinmobiliarios.com<\/a><\/p>\n<p><!--more--><\/p>\n<p>2. Agentes ventas, rentas, requiere prestigioso pool inmobiliario. Enviar hoja de vida a <a href=\"mailto:recursohumano@fiduinmobiliaria.com\">recursohumano@fiduinmobiliaria.com<\/a><\/p>\n<p><!--more--><\/p>\n<p>3. Director de Arrendamientos con claros conocimientos contables. Prestaciones y horario fijo L\u00fanes a S\u00e1bado. Enviar Hoja de Vida a <a href=\"mailto:arriendos@fiduinmobiliaria.com\">arriendos@fiduinmobiliaria.com<\/a><\/p>\n<p><!--more--><\/p>\n","protected":false},"excerpt":{"rendered":"<p>1. Mercadotecnistas con experiencia en call center, ingresos variables con opci\u00f3n fijo seg\u00fan desempe\u00f1o. Horario libre. Interezados enviar hoja de vida a callcenter@fiduinmobiliarios.com<\/p>\n","protected":false},"author":1,"featured_media":0,"parent":408,"menu_order":0,"comment_status":"open","ping_status":"open","template":"","meta":[],"_links":{"self":[{"href":"https:\/\/fiduinmobiliarios.com\/index.php?rest_route=\/wp\/v2\/pages\/414"}],"collection":[{"href":"https:\/\/fiduinmobiliarios.com\/index.php?rest_route=\/wp\/v2\/pages"}],"about":[{"href":"https:\/\/fiduinmobiliarios.com\/index.php?rest_route=\/wp\/v2\/types\/page"}],"author":[{"embeddable":true,"href":"https:\/\/fiduinmobiliarios.com\/index.php?rest_route=\/wp\/v2\/users\/1"}],"replies":[{"embeddable":true,"href":"https:\/\/fiduinmobiliarios.com\/index.php?rest_route=%2Fwp%2Fv2%2Fcomments&post=414"}],"version-history":[{"count":2,"href":"https:\/\/fiduinmobiliarios.com\/index.php?rest_route=\/wp\/v2\/pages\/414\/revisions"}],"predecessor-version":[{"id":4120,"href":"https:\/\/fiduinmobiliarios.com\/index.php?rest_route=\/wp\/v2\/pages\/414\/revisions\/4120"}],"up":[{"embeddable":true,"href":"https:\/\/fiduinmobiliarios.com\/index.php?rest_route=\/wp\/v2\/pages\/408"}],"wp:attachment":[{"href":"https:\/\/fiduinmobiliarios.com\/index.php?rest_route=%2Fwp%2Fv2%2Fmedia&parent=414"}],"curies":[{"name":"wp","href":"https:\/\/api.w.org\/{rel}","templated":true}]}}