{"id":303,"date":"2011-01-25T13:48:14","date_gmt":"2011-01-25T18:48:14","guid":{"rendered":"http:\/\/fiduinmobiliarios.com\/prueba\/?page_id=303"},"modified":"2011-01-25T13:48:14","modified_gmt":"2011-01-25T18:48:14","slug":"estructuracion-de-proyectos","status":"publish","type":"page","link":"https:\/\/fiduinmobiliarios.com\/?page_id=303","title":{"rendered":"Estructuraci\u00f3n de proyectos"},"content":{"rendered":"<p><a rel=\"attachment wp-att-845\" href=\"http:\/\/fiduinmobiliarios.com\/prueba\/?attachment_id=845\"><img loading=\"lazy\" class=\"alignleft size-full wp-image-845\" title=\"proyectando\" src=\"http:\/\/fiduinmobiliarios.com\/wp-content\/uploads\/2011\/03\/images.jpg\" alt=\"\" width=\"256\" height=\"160\" \/><\/a><\/p>\n<p>Proyectos Especiales: <span style=\"text-decoration: underline;\">Mediante la constante investigaci\u00f3n y vanguardia en la respuesta a los diferentes instrumentos de desarrollo territorial Fiduciaria Inmobiliaria S.A.S. y su pool Fiduinmobiliarios<\/span>\u00ae\u00a0<span style=\"text-decoration: underline;\"> ser\u00e1n su aliado n\u00famero 1 en la realizaci\u00f3n de su visi\u00f3n de negocio<\/span>.<\/p>\n<p>&nbsp;<\/p>\n<p>&nbsp;<\/p>\n<p>Servicios:<\/p>\n<p>&nbsp;<\/p>\n<ul>\n<li>Gesti\u00f3n de planes parciales: mediante los servicios de Fiduciaria Inmobiliaria obtenga el aval para desarrollar proyectos en Plan Parcial.<\/li>\n<li>Realizaci\u00f3n de sala de ventas y gesti\u00f3n de proyectos.<\/li>\n<li>Estructuraci\u00f3n de proyectos de desarrollo; promoci\u00f3n y desarrollo de condominios, unidades inmobiliarias cerradas, S.E.A.s dise\u00f1o de proyectos de construcci\u00f3n y urbanismo, asesor\u00eda legal y financiera especializada en sector bienes ra\u00edces, asistencia en consecuci\u00f3n de cr\u00e9ditos hipotecarios y leasing.<\/li>\n<li>Consultor\u00eda en titularizaci\u00f3n, derecho inmobiliario, contabilidad, asesoramiento en planeaci\u00f3n de proyectos,<\/li>\n<li>Remodelaciones y adecuaciones.<\/li>\n<li>FINMOS, fondos inmobiliarios o fondos de inversionistas.<\/li>\n<li>Portafolios en Compra de viviendas, locales, bodegas y opciones de inversi\u00f3n directa.<\/li>\n<\/ul>\n<p>&nbsp;<\/p>\n<p>Ll\u00e1menos por favor a nuestras l\u00edneas corporativas o env\u00edanos un correo electr\u00f3nico a: <span style=\"color: #000080;\"><a title=\"servicio al cliente\" href=\"mailto: servicioalcliente@fiduinmobiliarios.com\">servicioalcliente@fiduinmobiliarios.com<\/a><\/span><\/p>\n","protected":false},"excerpt":{"rendered":"<p>Proyectos Especiales: Mediante la constante investigaci\u00f3n y vanguardia en la respuesta a los diferentes instrumentos de desarrollo territorial Fiduciaria Inmobiliaria S.A.S. y su pool Fiduinmobiliarios\u00ae\u00a0 ser\u00e1n su aliado n\u00famero 1 en la realizaci\u00f3n de su visi\u00f3n de negocio. &nbsp; &nbsp; Servicios: &nbsp; Gesti\u00f3n de planes parciales: mediante los servicios de Fiduciaria Inmobiliaria obtenga el aval [&hellip;]<\/p>\n","protected":false},"author":1,"featured_media":0,"parent":167,"menu_order":0,"comment_status":"open","ping_status":"open","template":"","meta":[],"_links":{"self":[{"href":"https:\/\/fiduinmobiliarios.com\/index.php?rest_route=\/wp\/v2\/pages\/303"}],"collection":[{"href":"https:\/\/fiduinmobiliarios.com\/index.php?rest_route=\/wp\/v2\/pages"}],"about":[{"href":"https:\/\/fiduinmobiliarios.com\/index.php?rest_route=\/wp\/v2\/types\/page"}],"author":[{"embeddable":true,"href":"https:\/\/fiduinmobiliarios.com\/index.php?rest_route=\/wp\/v2\/users\/1"}],"replies":[{"embeddable":true,"href":"https:\/\/fiduinmobiliarios.com\/index.php?rest_route=%2Fwp%2Fv2%2Fcomments&post=303"}],"version-history":[{"count":0,"href":"https:\/\/fiduinmobiliarios.com\/index.php?rest_route=\/wp\/v2\/pages\/303\/revisions"}],"up":[{"embeddable":true,"href":"https:\/\/fiduinmobiliarios.com\/index.php?rest_route=\/wp\/v2\/pages\/167"}],"wp:attachment":[{"href":"https:\/\/fiduinmobiliarios.com\/index.php?rest_route=%2Fwp%2Fv2%2Fmedia&parent=303"}],"curies":[{"name":"wp","href":"https:\/\/api.w.org\/{rel}","templated":true}]}}