{"id":299,"date":"2011-01-25T13:47:27","date_gmt":"2011-01-25T18:47:27","guid":{"rendered":"http:\/\/fiduinmobiliarios.com\/prueba\/?page_id=299"},"modified":"2011-01-25T13:47:27","modified_gmt":"2011-01-25T18:47:27","slug":"avaluos","status":"publish","type":"page","link":"https:\/\/fiduinmobiliarios.com\/?page_id=299","title":{"rendered":"Avaluos"},"content":{"rendered":"<p><a rel=\"attachment wp-att-825\" href=\"http:\/\/fiduinmobiliarios.com\/prueba\/?attachment_id=825\"><img loading=\"lazy\" class=\"alignleft size-full wp-image-825\" title=\"Aval\u00faos\" src=\"http:\/\/fiduinmobiliarios.com\/wp-content\/uploads\/2011\/03\/web-inmobiliaria-mallorca1.jpg\" alt=\"Aval\u00fao\" width=\"413\" height=\"455\" srcset=\"https:\/\/fiduinmobiliarios.com\/wp-content\/uploads\/2011\/03\/web-inmobiliaria-mallorca1.jpg 413w, https:\/\/fiduinmobiliarios.com\/wp-content\/uploads\/2011\/03\/web-inmobiliaria-mallorca1-272x300.jpg 272w\" sizes=\"(max-width: 413px) 100vw, 413px\" \/><\/a>Desea conocer el valor real de sus inmuebles?<\/p>\n<p>Solicite con nuestro equipo de avaluadores profesionales una cita para facilitarle y realizar el proceso preliminar de aval\u00fao de manera satisfactoria.<\/p>\n<p>Mediante un aval\u00fao firmado por Fiduciaria Inmobiliaria usted recibir\u00e1 :<\/p>\n<p>&nbsp;<\/p>\n<p>Credibilidad<\/p>\n<p>Confianza<\/p>\n<p>Certeza<\/p>\n<p>Garant\u00eda y soportes.<\/p>\n<p>Vigencia.<\/p>\n<p>&nbsp;<\/p>\n<p>&nbsp;<\/p>\n<p>Servicios:<\/p>\n<p>Aval\u00faos oficiales y comerciales <span style=\"text-decoration: underline;\">Mediante un departamento evaluatorio reconocido obtenga la informaci\u00f3n precisa y confiable que su proyecto o negocio requiere.<\/span><\/p>\n<p>Aval\u00faos oficiales, comerciales, residenciales de compra-venta, de plusval\u00eda, minusval\u00eda, de comparaci\u00f3n de mercado, reposici\u00f3n de materiales, de potencial de ventas y potencial de renta.<\/p>\n<ul>\n<li>Aval\u00faos urbanos y rurales.<\/li>\n<li>Aval\u00faos corporativos con aval de Lonjas inmobiliarias sector gobierno y particulares.<\/li>\n<li>Excelente estudio fotogr\u00e1fico.<\/li>\n<li>Estudio de mercado con significancia estad\u00edstica y l\u00f3gica de mercado.<\/li>\n<li>Estudios de mercado y viabilidad de proyecci\u00f3n comercial.<\/li>\n<\/ul>\n<p>Mediante el informe t\u00e9cnico de aval\u00fao usted recibir\u00e1 una completa rese\u00f1a del inmueble en menci\u00f3n, estad\u00edsticas acertadas y estudio de mercado a la medida, an\u00e1lisis de resultados y anexos fotogr\u00e1ficos que complementan el an\u00e1lisis.<\/p>\n<p style=\"text-align: right;\">Solicite ya su cita o env\u00edenos su dudas a nuestro departamento avaluatorio : <span style=\"color: #000080;\"><a title=\"E-mail Aval\u00faos\" href=\"mailto: avaluos@fiduinmobiliaria.com\">avaluos@fiduinmobiliaria.com<\/a><\/span><\/p>\n","protected":false},"excerpt":{"rendered":"<p>Desea conocer el valor real de sus inmuebles? Solicite con nuestro equipo de avaluadores profesionales una cita para facilitarle y realizar el proceso preliminar de aval\u00fao de manera satisfactoria. Mediante un aval\u00fao firmado por Fiduciaria Inmobiliaria usted recibir\u00e1 : &nbsp; Credibilidad Confianza Certeza Garant\u00eda y soportes. Vigencia. &nbsp; &nbsp; Servicios: Aval\u00faos oficiales y comerciales Mediante [&hellip;]<\/p>\n","protected":false},"author":1,"featured_media":0,"parent":167,"menu_order":0,"comment_status":"open","ping_status":"open","template":"","meta":[],"_links":{"self":[{"href":"https:\/\/fiduinmobiliarios.com\/index.php?rest_route=\/wp\/v2\/pages\/299"}],"collection":[{"href":"https:\/\/fiduinmobiliarios.com\/index.php?rest_route=\/wp\/v2\/pages"}],"about":[{"href":"https:\/\/fiduinmobiliarios.com\/index.php?rest_route=\/wp\/v2\/types\/page"}],"author":[{"embeddable":true,"href":"https:\/\/fiduinmobiliarios.com\/index.php?rest_route=\/wp\/v2\/users\/1"}],"replies":[{"embeddable":true,"href":"https:\/\/fiduinmobiliarios.com\/index.php?rest_route=%2Fwp%2Fv2%2Fcomments&post=299"}],"version-history":[{"count":0,"href":"https:\/\/fiduinmobiliarios.com\/index.php?rest_route=\/wp\/v2\/pages\/299\/revisions"}],"up":[{"embeddable":true,"href":"https:\/\/fiduinmobiliarios.com\/index.php?rest_route=\/wp\/v2\/pages\/167"}],"wp:attachment":[{"href":"https:\/\/fiduinmobiliarios.com\/index.php?rest_route=%2Fwp%2Fv2%2Fmedia&parent=299"}],"curies":[{"name":"wp","href":"https:\/\/api.w.org\/{rel}","templated":true}]}}