{"id":297,"date":"2011-01-25T13:47:06","date_gmt":"2011-01-25T18:47:06","guid":{"rendered":"http:\/\/fiduinmobiliarios.com\/prueba\/?page_id=297"},"modified":"2011-01-25T13:47:06","modified_gmt":"2011-01-25T18:47:06","slug":"arriendos","status":"publish","type":"page","link":"https:\/\/fiduinmobiliarios.com\/?page_id=297","title":{"rendered":"Arriendos"},"content":{"rendered":"<div id=\"attachment_800\" style=\"width: 310px\" class=\"wp-caption alignleft\"><a rel=\"attachment wp-att-800\" href=\"http:\/\/fiduinmobiliarios.com\/prueba\/?attachment_id=800\"><\/a><a rel=\"attachment wp-att-802\" href=\"http:\/\/fiduinmobiliarios.com\/prueba\/?attachment_id=802\"><br \/>\n<\/a><img aria-describedby=\"caption-attachment-800\" loading=\"lazy\" class=\"size-full wp-image-800\" title=\"Familia\" src=\"http:\/\/fiduinmobiliarios.com\/wp-content\/uploads\/2011\/03\/familia-1.jpg\" alt=\"\" width=\"300\" height=\"300\" srcset=\"https:\/\/fiduinmobiliarios.com\/wp-content\/uploads\/2011\/03\/familia-1.jpg 300w, https:\/\/fiduinmobiliarios.com\/wp-content\/uploads\/2011\/03\/familia-1-150x150.jpg 150w\" sizes=\"(max-width: 300px) 100vw, 300px\" \/><p id=\"caption-attachment-800\" class=\"wp-caption-text\">Familia<\/p><\/div>\n<p>Cuente con los servicios profesionales en Arrendamiento gracias a la experiencia y tecnolog\u00eda que le ofrece <a title=\"Fiduinmobiliaria\" href=\"http:\/\/www.fiduinmobiliaria.com\" target=\"_blank\">Fiduciaria Inmobiliaria<\/a> y su pool inmobiliario Fiduinmobiliarios.<\/p>\n<p>Se\u00f1or propietario: Nuestro servicio contiene las siguientes gestiones a su servicio:<\/p>\n<p><span style=\"color: #000080;\">1. Gesti\u00f3n Comercial y de mercado:<\/span><\/p>\n<p>Promoci\u00f3n, publicidad constante y gesti\u00f3n de clientes.<\/p>\n<p>Estudio fotogr\u00e1fico profesional con marca de agua y retoque digital.<\/p>\n<p>Aval\u00fao de potencial de renta realizado por un perito avaluador.<\/p>\n<p>Avisos de ventana y en porter\u00eda en arte gr\u00e1fica en vinilo con chupas hecho a la medida.<\/p>\n<p>Atenci\u00f3n de llamadas continua por call center profesional.<\/p>\n<p>Visitas y agendamiento de clientes al apartamento por personal profesional inmobiliario.<\/p>\n<p>Coordinaci\u00f3n de radicaci\u00f3n de aplicaciones ante la aseguradora mediante pre-aprobaci\u00f3n que no incurre en costos hacia el nuevo inquilino.<\/p>\n<p>&nbsp;<\/p>\n<p>Asesoramiento contable, financiero e impositivo para propietarios hacia entidades gubernamentales (Catastro distrital, Secretar\u00eda del h\u00e1bitat, planeaci\u00f3n, DIAN, etc) sobre procesos de desenglobe, hipotecas en mayor extensi\u00f3n sin disolver, aval\u00faos en impuesto predial sin liquidar, declaraciones y dem\u00e1s.<\/p>\n<p>&nbsp;<\/p>\n<p><a rel=\"attachment wp-att-802\" href=\"http:\/\/fiduinmobiliarios.com\/prueba\/?attachment_id=802\"><img loading=\"lazy\" class=\"alignright\" title=\"familia2\" src=\"http:\/\/fiduinmobiliarios.com\/wp-content\/uploads\/2011\/03\/familia2.jpg\" alt=\"\" width=\"400\" height=\"313\" \/><\/a><span style=\"color: #000080;\">2. Gesti\u00f3n de administraci\u00f3n del inmueble:<\/span><\/p>\n<p>Se realizar\u00e1 administraci\u00f3n mensual del inmueble que incluyen los siguientes servicios preliminares:<\/p>\n<p>1.\u00a0\u00a0\u00a0\u00a0\u00a0\u00a0 Realizaci\u00f3n de inventario profesional fotogr\u00e1fico en alta resoluci\u00f3n.<\/p>\n<p>2.\u00a0\u00a0\u00a0\u00a0\u00a0\u00a0 Realizaci\u00f3n de contrato de arrendamiento profesional hacia el inquilino.<\/p>\n<p>3.\u00a0\u00a0\u00a0\u00a0\u00a0\u00a0 instalaci\u00f3n y asesor\u00eda en la mudanza.<\/p>\n<p>4.\u00a0\u00a0\u00a0\u00a0\u00a0\u00a0 Entrega formal del inmueble.<\/p>\n<p>5. \u00a0 \u00a0Gestion y administraci\u00f3n hacia la administraci\u00f3n de Propiedad Horizontal.<\/p>\n<ul>\n<li>La administraci\u00f3n incluye los siguientes seguros:<\/li>\n<\/ul>\n<p>1.\u00a0\u00a0\u00a0\u00a0\u00a0\u00a0 Seguro contra no pago de c\u00e1non de arrendamiento. (respondemos en el mismo mes por no pago del c\u00e1non por parte del inquilino)<\/p>\n<p>2.\u00a0\u00a0\u00a0\u00a0\u00a0\u00a0 Seguro contra no pago de administraci\u00f3n (respondemos en el mismo mes por no pago de administraci\u00f3n por parte del inquilino).<\/p>\n<p>3.\u00a0\u00a0\u00a0\u00a0\u00a0\u00a0 Seguro contra no pago de servicios p\u00fablicos (respondemos en el mismo mes por no pago de servicios p\u00fablicos domiciliarios)<\/p>\n<p>4.\u00a0\u00a0\u00a0\u00a0\u00a0\u00a0 Seguro contra faltantes de inventarios (respondemos por da\u00f1os y faltantes de inventarios por el valor asegurado)<\/p>\n<p>5.\u00a0\u00a0\u00a0\u00a0\u00a0\u00a0 Seguro protecci\u00f3n Cl\u00e1usula penal (al adquirir los tres seguros anteriores nosotros ofrecemos \u00fanicamente en el mercado cobertura contra no pago de cl\u00e1usulas penales por incumplimientos unilaterales de forma\u00a0<strong>gratuita<\/strong>).<\/p>\n<p>&nbsp;<\/p>\n<p>La administraci\u00f3n por ser realizada por <strong><a title=\"Fiduinmobiliaria\" href=\"http:\/\/www.fiduinmobiliaria.com\" target=\"_blank\">FIDUCIARIA INMOBILIARIA S.A.S.<\/a> <\/strong>incluye una completa gesti\u00f3n detallada mensualmente con reportes a propietarios; giros ACH a cuentas destino, l\u00edneas de atenci\u00f3n al cliente permanentes, l\u00ednea de emergencia celular 24 horas y presentaci\u00f3n de declaraciones en medios ex\u00f3genos que requiere la DIAN para retenciones a terceros practicadas a titulo de administraci\u00f3n por mandantes.<\/p>\n<p>&nbsp;<\/p>\n<p>Escoga su agente de confianza y permita que lo asesoren sobre este producto.<\/p>\n<p>&nbsp;<\/p>\n","protected":false},"excerpt":{"rendered":"<p>Cuente con los servicios profesionales en Arrendamiento gracias a la experiencia y tecnolog\u00eda que le ofrece Fiduciaria Inmobiliaria y su pool inmobiliario Fiduinmobiliarios. Se\u00f1or propietario: Nuestro servicio contiene las siguientes gestiones a su servicio: 1. Gesti\u00f3n Comercial y de mercado: Promoci\u00f3n, publicidad constante y gesti\u00f3n de clientes. Estudio fotogr\u00e1fico profesional con marca de agua y [&hellip;]<\/p>\n","protected":false},"author":1,"featured_media":0,"parent":167,"menu_order":0,"comment_status":"open","ping_status":"open","template":"","meta":[],"_links":{"self":[{"href":"https:\/\/fiduinmobiliarios.com\/index.php?rest_route=\/wp\/v2\/pages\/297"}],"collection":[{"href":"https:\/\/fiduinmobiliarios.com\/index.php?rest_route=\/wp\/v2\/pages"}],"about":[{"href":"https:\/\/fiduinmobiliarios.com\/index.php?rest_route=\/wp\/v2\/types\/page"}],"author":[{"embeddable":true,"href":"https:\/\/fiduinmobiliarios.com\/index.php?rest_route=\/wp\/v2\/users\/1"}],"replies":[{"embeddable":true,"href":"https:\/\/fiduinmobiliarios.com\/index.php?rest_route=%2Fwp%2Fv2%2Fcomments&post=297"}],"version-history":[{"count":0,"href":"https:\/\/fiduinmobiliarios.com\/index.php?rest_route=\/wp\/v2\/pages\/297\/revisions"}],"up":[{"embeddable":true,"href":"https:\/\/fiduinmobiliarios.com\/index.php?rest_route=\/wp\/v2\/pages\/167"}],"wp:attachment":[{"href":"https:\/\/fiduinmobiliarios.com\/index.php?rest_route=%2Fwp%2Fv2%2Fmedia&parent=297"}],"curies":[{"name":"wp","href":"https:\/\/api.w.org\/{rel}","templated":true}]}}