{"id":267,"date":"2011-01-25T12:40:19","date_gmt":"2011-01-25T17:40:19","guid":{"rendered":"http:\/\/fiduinmobiliarios.com\/prueba\/?page_id=267"},"modified":"2011-01-25T12:40:19","modified_gmt":"2011-01-25T17:40:19","slug":"vision","status":"publish","type":"page","link":"https:\/\/fiduinmobiliarios.com\/?page_id=267","title":{"rendered":"Vision"},"content":{"rendered":"<p><a rel=\"attachment wp-att-759\" href=\"http:\/\/fiduinmobiliarios.com\/prueba\/?attachment_id=759\"><img loading=\"lazy\" class=\"alignleft size-medium wp-image-759\" title=\"Pool\" src=\"http:\/\/fiduinmobiliarios.com\/prueba\/wp-content\/uploads\/2011\/01\/Pool2-548x480.jpg\" alt=\"\" width=\"329\" height=\"288\" \/><\/a><\/p>\n<ul>\n<li>\u0097Estrat\u00e9gica: Posicionarnos como el mejor Pool Inmobiliario soportados por la primera Fiduciaria Especializada en el sector inmobiliario del pa\u00eds.<\/li>\n<\/ul>\n<p>&nbsp;<\/p>\n<ul>\n<li>Operativa: Ser el mejor punto de encuentro para la creaci\u00f3n de oportunidades en la consecuci\u00f3n de clientes y cierre de negocios inmobiliarios con calidad soportados por un sistema de gesti\u00f3n profesional bajo una marca reconocida e influyente, caracterizados por excelentes servicios en valores y fiducia.<\/li>\n<\/ul>\n<p>&nbsp;<\/p>\n","protected":false},"excerpt":{"rendered":"<p>\u0097Estrat\u00e9gica: Posicionarnos como el mejor Pool Inmobiliario soportados por la primera Fiduciaria Especializada en el sector inmobiliario del pa\u00eds. &nbsp; Operativa: Ser el mejor punto de encuentro para la creaci\u00f3n de oportunidades en la consecuci\u00f3n de clientes y cierre de negocios inmobiliarios con calidad soportados por un sistema de gesti\u00f3n profesional bajo una marca reconocida [&hellip;]<\/p>\n","protected":false},"author":1,"featured_media":0,"parent":1114,"menu_order":0,"comment_status":"open","ping_status":"open","template":"","meta":[],"_links":{"self":[{"href":"https:\/\/fiduinmobiliarios.com\/index.php?rest_route=\/wp\/v2\/pages\/267"}],"collection":[{"href":"https:\/\/fiduinmobiliarios.com\/index.php?rest_route=\/wp\/v2\/pages"}],"about":[{"href":"https:\/\/fiduinmobiliarios.com\/index.php?rest_route=\/wp\/v2\/types\/page"}],"author":[{"embeddable":true,"href":"https:\/\/fiduinmobiliarios.com\/index.php?rest_route=\/wp\/v2\/users\/1"}],"replies":[{"embeddable":true,"href":"https:\/\/fiduinmobiliarios.com\/index.php?rest_route=%2Fwp%2Fv2%2Fcomments&post=267"}],"version-history":[{"count":0,"href":"https:\/\/fiduinmobiliarios.com\/index.php?rest_route=\/wp\/v2\/pages\/267\/revisions"}],"up":[{"embeddable":true,"href":"https:\/\/fiduinmobiliarios.com\/index.php?rest_route=\/wp\/v2\/pages\/1114"}],"wp:attachment":[{"href":"https:\/\/fiduinmobiliarios.com\/index.php?rest_route=%2Fwp%2Fv2%2Fmedia&parent=267"}],"curies":[{"name":"wp","href":"https:\/\/api.w.org\/{rel}","templated":true}]}}