{"id":1163,"date":"2011-03-25T21:04:11","date_gmt":"2011-03-25T21:04:11","guid":{"rendered":"http:\/\/fiduinmobiliarios.com\/?page_id=1163"},"modified":"2011-03-25T22:04:16","modified_gmt":"2011-03-25T22:04:16","slug":"entidades-financieras","status":"publish","type":"page","link":"http:\/\/fiduinmobiliarios.com\/?page_id=1163","title":{"rendered":"Entidades Financieras"},"content":{"rendered":"<p><a href=\"http:\/\/fiduinmobiliarios.com\/wp-content\/uploads\/2011\/03\/credito-hipotecario.jpg\"><img loading=\"lazy\" class=\"alignleft size-medium wp-image-1164\" title=\"credito-hipotecario\" src=\"http:\/\/fiduinmobiliarios.com\/wp-content\/uploads\/2011\/03\/credito-hipotecario-240x300.jpg\" alt=\"\" width=\"144\" height=\"180\" srcset=\"http:\/\/fiduinmobiliarios.com\/wp-content\/uploads\/2011\/03\/credito-hipotecario-240x300.jpg 240w, http:\/\/fiduinmobiliarios.com\/wp-content\/uploads\/2011\/03\/credito-hipotecario.jpg 344w\" sizes=\"(max-width: 144px) 100vw, 144px\" \/><\/a>Por medio de las siguientes entidades financieras encontrar\u00e1 muchas facilidades ya que nuestros inmuebles est\u00e1n listos para ser financiados mediante los mismos.<\/p>\n<p>Recuerde que usted podr\u00e1 adquirir un inmueble mediante un cr\u00e9dito hipotecario figura en la cual la propiedad del inmueble quedar\u00e1 a su nombre con hipoteca a favor de un banco y por el otro lado podr\u00e1 adquirirlo mediante la figura de Leasing (arrendamiento con opci\u00f3n de compra) donde el banco ser\u00e1 el titular del inmueble y usted tendr\u00e1 con el un contrato de arrendamiento con opci\u00f3n de compra con el goze exclusivo del mismo.<\/p>\n<p>&nbsp;<\/p>\n<p>Entidades con que Fiduciaria Inmobiliaria S.A.S. y su pool Fiduinmobiliarios tiene Convenio:<\/p>\n<p><a title=\"Leasing de Occidente\" href=\"http:\/\/www.leasingdeoccidente.com.co\/\"><img loading=\"lazy\" class=\"alignleft size-medium wp-image-1175\" title=\"leasing\" src=\"http:\/\/fiduinmobiliarios.com\/wp-content\/uploads\/2011\/03\/leasing4-300x61.gif\" alt=\"\" width=\"300\" height=\"61\" srcset=\"http:\/\/fiduinmobiliarios.com\/wp-content\/uploads\/2011\/03\/leasing4-300x61.gif 300w, http:\/\/fiduinmobiliarios.com\/wp-content\/uploads\/2011\/03\/leasing4.gif 432w\" sizes=\"(max-width: 300px) 100vw, 300px\" \/><\/a><\/p>\n<p>&nbsp;<\/p>\n<p><a title=\"Leasing de Occidente\" href=\"www.leasingdeoccidente.com.co\/\" target=\"_blank\">LEASING DE OCCIDENTE<\/a>:<\/p>\n<p>&nbsp;<\/p>\n<p>CASA LEASING:<\/p>\n<p>&nbsp;<\/p>\n<p><a href=\"http:\/\/www.leasingdeoccidente.com.co\/pls\/portal\/url\/page\/LEASING2010\/SITIO_WEB\/PRODUC\/LEASING\/LEAS_FINAN\/CASA\"><img loading=\"lazy\" class=\"alignleft size-medium wp-image-1169\" title=\"CASALO\" src=\"http:\/\/fiduinmobiliarios.com\/wp-content\/uploads\/2011\/03\/CASALO1-300x236.jpg\" alt=\"\" width=\"300\" height=\"236\" srcset=\"http:\/\/fiduinmobiliarios.com\/wp-content\/uploads\/2011\/03\/CASALO1-300x236.jpg 300w, http:\/\/fiduinmobiliarios.com\/wp-content\/uploads\/2011\/03\/CASALO1.jpg 311w\" sizes=\"(max-width: 300px) 100vw, 300px\" \/><\/a><\/p>\n<p>Casa Leasing, es una modalidad de leasing financiero, para personas naturales, empleadas o independientes, mediante el cual se puede adquirir vivienda nueva, usada \u00f3 sobre planos en zonas ubicadas en estratos 4,5 \u00f3 6, y en las principales ciudades del pa\u00eds. El cliente cancela un canon de arrendamiento mensual y, al final del plazo pactado, puede adquirir la vivienda mediante una opci\u00f3n de adquisici\u00f3n.<\/p>\n<p>&nbsp;<\/p>\n<p>&nbsp;<\/p>\n<p><strong>Modalidades <\/strong><\/p>\n<p><em>Vivienda Familiar<\/em><br \/>\nEl locatario destina exclusivamente el bien para uso habitacional y goce de su n\u00facleo familiar.\u00a0<em><br \/>\nVivienda No Familiar<br \/>\n<\/em>Destinaci\u00f3n del bien para uso habitacional no necesariamente del locatario.\u00a0<em> <\/em><\/p>\n<p><em> <\/em><\/p>\n<p><em> <\/em><strong>Tipos de vivienda a financiar <\/strong><em> <\/em><\/p>\n<p><em> <\/em><\/p>\n<p><em> <\/em><em>Nueva terminada: <\/em><br \/>\n&#8211; Compra directa al constructor.<\/p>\n<p><em>Usada:<\/em><br \/>\n&#8211; Sin deuda<br \/>\n&#8211; Con deuda<br \/>\n&#8211; Leaseback con deuda<br \/>\n&#8211; Leaseback sin deuda<\/p>\n<p><em>Construcci\u00f3n:<\/em><br \/>\n&#8211; Bien futuro con firma constructora (con fiducia \u00f3 directo al constructor).<br \/>\n&#8211; Construcci\u00f3n particular (con aporte del lote \u00f3 financiaci\u00f3n parcial del lote).<\/p>\n<p><strong>Caracter\u00edsticas <\/strong><\/p>\n<p>&#8211; Financiamos estratos 4,5 y 6.<br \/>\n&#8211; Ingresos familiares m\u00ednimos de $ 3.500.000.oo.<br \/>\n&#8211; Monto m\u00ednimo de financiaci\u00f3n de $50.000.000.<br \/>\n&#8211; Opci\u00f3n de adquisici\u00f3n del 1% al 20% (Hasta 30% en tasa fija)<br \/>\n&#8211; Plazo de financiaci\u00f3n de 5 a 15 a\u00f1os<br \/>\n&#8211; Financiaci\u00f3n en pesos con tasa fija.<br \/>\n&#8211; Financiaci\u00f3n en pesos con cuota variable en DTF (solo para vivienda No Familiar).<br \/>\n&#8211; Financiaci\u00f3n cuota variable en UVR, en dos sistemas: Amortizaci\u00f3n gradual a capital o amortizaci\u00f3n constante a capital en UVR.<br \/>\n&#8211; Garant\u00edas: Inmueble y las exigidas seg\u00fan el estudio de cr\u00e9dito, entre ellas firma del locatario, c\u00f3nyuge \u00f3 avalista.<br \/>\n&#8211; El primer canon mensual no debe ser superior al 30% de los ingresos familiares para los empleados y de los ingresos brutos para los independientes.<br \/>\n&#8211; Extracto mensual con la evoluci\u00f3n del contrato.<br \/>\n&#8211; Informe anual con la proyecci\u00f3n de los c\u00e1nones por pagar y la aplicaci\u00f3n de los pagos del a\u00f1o anterior.<\/p>\n<p><strong>Beneficios<\/strong><br \/>\n&#8211; Se puede realizar leaseback sobre el inmueble, para que obtenga liquidez, para planeaci\u00f3n tributaria o para sustituci\u00f3n de pasivos.<br \/>\n&#8211; A trav\u00e9s de las cuentas AFC. Los aportes a estas cuentas son ingresos no constitutivos de renta ni ganancia ocasional. (Vivienda Familiar).<br \/>\n&#8211; Costo financiero deducible del impuesto de renta. (Vivienda Familiar).<br \/>\n&#8211; Beneficios tributarios por fondos de pensiones voluntarias, para el pago de c\u00e1nones. (Vivienda Familiar).<br \/>\n&#8211; No genera impuesto de timbre, siempre y cuando se ejerza la opci\u00f3n de adquisici\u00f3n.<br \/>\n&#8211; No aumenta la base patrimonial.<br \/>\n&#8211; No se distraen recursos de capital.<br \/>\n&#8211; Financiaci\u00f3n hasta del 80% del aval\u00fao comercial del inmueble, para vivienda familiar y no familiar. Depende de la capacidad de pago.<br \/>\n&#8211; Se admiten prepagos sin que esto ocasione sanci\u00f3n alguna (Vivienda Familiar).<br \/>\n&#8211; El bien es inembargable, es decir no necesita estar afectado a vivienda familiar.<br \/>\n&#8211; Posibilidad de cesi\u00f3n del contrato sin incurrir en costos de escrituraci\u00f3n. (Previa autorizaci\u00f3n de Leasing de Occidente y an\u00e1lisis de riesgo del nuevo locatario).<br \/>\n&#8211; Desde el primer canon se abona a Capital.<br \/>\n&#8211; Se puede adaptar el pago del canon de acuerdo al flujo de caja del cliente.<br \/>\n&#8211; Tasas competitivas.<br \/>\n&#8211; Asesor\u00eda personalizada en la estructuraci\u00f3n financiera del negocio y tiempos de respuesta oportunos.<\/p>\n<p><a href=\"http:\/\/www.leasingdeoccidente.com.co\/pls\/portal\/url\/page\/LEASING2010\/SITIO_WEB\/PRODUC\/LEASING\">M\u00e1s sobre este producto<\/a><\/p>\n<p><a title=\"Presentaci\u00f3n Leasing\" href=\"http:\/\/fiduinmobiliarios.com\/archivo\/Fiduinmobiliarios.com\/Leasing%20Occidente\/Leasing%20Inmobiliario.pps\">Descargue una presentaci\u00f3n interactiva<\/a><\/p>\n<p>Pregunte a su agente de confianza que le asigne una visita para que\u00a0directamente\u00a0un asesor de Leasing de Occidente le ampl\u00ede el portafolio de servicio y pueda hacerse de la propiedad de su agrado al igual que no olvide comentarle al asesor de leasing que desea comprar con Fiduinmobilairios\u00ae para que le informe de las ventajas en la gesti\u00f3n operativa de su cr\u00e9dito.<\/p>\n<p>Simuladores:<\/p>\n<p><a href=\"http:\/\/fiduinmobiliarios.com\/archivo\/Fiduinmobiliarios.com\/Leasing%20Occidente\/Leasing%20Habitacional\/COTIZADOR%20LEASING%20HABITACIONAL-pesos1.xls\">Proyecci\u00f3n en Pesos<\/a> <a href=\"http:\/\/fiduinmobiliarios.com\/archivo\/Fiduinmobiliarios.com\/Leasing%20Occidente\/Leasing%20Habitacional\/COTIZADOR%20LEASING%20HABITACIONAL%20EN%20U.V.R.ENE.1.xls\">Proyecci\u00f3n en UVR<\/a> <a href=\"http:\/\/fiduinmobiliarios.com\/archivo\/Fiduinmobiliarios.com\/Leasing%20Occidente\/Leasing%20Habitacional\/SOLICITUD%20DE%20LEASING%20HAB.XLS\">Solicitud<\/a> <a href=\"http:\/\/fiduinmobiliarios.com\/archivo\/Fiduinmobiliarios.com\/Leasing%20Occidente\/Leasing%20Habitacional\/FORMULARIO%20CERTIFICADO%20DE%20NO%20DECLARANTE.XLS\">Formulario Certificaci\u00f3n Declarante<\/a><\/p>\n<p><a href=\"http:\/\/fiduinmobiliarios.com\/wp-content\/uploads\/2011\/03\/Acreditaciones-Leasing-Occidente.jpg\"><img loading=\"lazy\" class=\"aligncenter size-full wp-image-1179\" title=\"Acreditaciones Leasing Occidente\" src=\"http:\/\/fiduinmobiliarios.com\/wp-content\/uploads\/2011\/03\/Acreditaciones-Leasing-Occidente.jpg\" alt=\"\" width=\"763\" height=\"101\" srcset=\"http:\/\/fiduinmobiliarios.com\/wp-content\/uploads\/2011\/03\/Acreditaciones-Leasing-Occidente.jpg 763w, http:\/\/fiduinmobiliarios.com\/wp-content\/uploads\/2011\/03\/Acreditaciones-Leasing-Occidente-300x39.jpg 300w\" sizes=\"(max-width: 763px) 100vw, 763px\" \/><\/a><\/p>\n<p>&nbsp;<\/p>\n","protected":false},"excerpt":{"rendered":"<p>Por medio de las siguientes entidades financieras encontrar\u00e1 muchas facilidades ya que nuestros inmuebles est\u00e1n listos para ser financiados mediante los mismos. Recuerde que usted podr\u00e1 adquirir un inmueble mediante un cr\u00e9dito hipotecario figura en la cual la propiedad del inmueble quedar\u00e1 a su nombre con hipoteca a favor de un banco y por el [&hellip;]<\/p>\n","protected":false},"author":1,"featured_media":0,"parent":0,"menu_order":0,"comment_status":"open","ping_status":"open","template":"","meta":[],"_links":{"self":[{"href":"http:\/\/fiduinmobiliarios.com\/index.php?rest_route=\/wp\/v2\/pages\/1163"}],"collection":[{"href":"http:\/\/fiduinmobiliarios.com\/index.php?rest_route=\/wp\/v2\/pages"}],"about":[{"href":"http:\/\/fiduinmobiliarios.com\/index.php?rest_route=\/wp\/v2\/types\/page"}],"author":[{"embeddable":true,"href":"http:\/\/fiduinmobiliarios.com\/index.php?rest_route=\/wp\/v2\/users\/1"}],"replies":[{"embeddable":true,"href":"http:\/\/fiduinmobiliarios.com\/index.php?rest_route=%2Fwp%2Fv2%2Fcomments&post=1163"}],"version-history":[{"count":8,"href":"http:\/\/fiduinmobiliarios.com\/index.php?rest_route=\/wp\/v2\/pages\/1163\/revisions"}],"predecessor-version":[{"id":1174,"href":"http:\/\/fiduinmobiliarios.com\/index.php?rest_route=\/wp\/v2\/pages\/1163\/revisions\/1174"}],"wp:attachment":[{"href":"http:\/\/fiduinmobiliarios.com\/index.php?rest_route=%2Fwp%2Fv2%2Fmedia&parent=1163"}],"curies":[{"name":"wp","href":"https:\/\/api.w.org\/{rel}","templated":true}]}}