{"id":1126,"date":"2011-03-24T02:50:39","date_gmt":"2011-03-24T02:50:39","guid":{"rendered":"http:\/\/fiduinmobiliarios.com\/test2\/?page_id=1126"},"modified":"2011-04-06T17:16:47","modified_gmt":"2011-04-06T22:16:47","slug":"formatos-arriendos","status":"publish","type":"page","link":"http:\/\/fiduinmobiliarios.com\/?page_id=1126","title":{"rendered":"Formatos Arriendos (compa\u00f1\u00edas de seguros)"},"content":{"rendered":"<p>Seleccione aqu\u00ed la compa\u00f1\u00eda aseguradora que el asesor le inform\u00f3 en su visita comercial a trabajar:<\/p>\n<p>&nbsp;<\/p>\n<p><img src=\"http:\/\/www.protecsa.com.co\/new_web\/images\/protecsa.jpg\" alt=\"Protecsa\" \/><\/p>\n<p>Protecci\u00f3n Inmobiliaria S.A. \u00abPROTECSA\u00bb es la primera compa\u00f1\u00eda afianzadora de CONTRATOS DE ARRENDAMIENTO en Bogot\u00e1, que garantiza el pago de arrendamientos no pagados por los inquilinos y ofrece servicios de asesor\u00eda jur\u00eddica, comercial y t\u00e9cnica en finca ra\u00edz.<\/p>\n<p>* Atendemos todos nuestros servicios en forma personal y directa.<\/p>\n<p>* Buscamos la profesionalizaci\u00f3n inmobiliaria a trav\u00e9s de programas de capacitaci\u00f3n integral dirigida a nuestros afiliados.<\/p>\n<p>* Participamos en la soluci\u00f3n de las diferentes problem\u00e1ticas de la administraci\u00f3n de inmuebles.<\/p>\n<table border=\"0\" cellspacing=\"0\" cellpadding=\"0\" width=\"955\" align=\"center\">\n<tbody>\n<tr>\n<td align=\"center\" valign=\"middle\"><\/td>\n<td align=\"center\" valign=\"middle\"><\/td>\n<td align=\"center\" valign=\"middle\"><\/td>\n<\/tr>\n<tr>\n<td align=\"center\" valign=\"top\">\n<table border=\"0\" cellspacing=\"0\" cellpadding=\"0\" width=\"310\">\n<tbody>\n<tr>\n<td width=\"2%\"><img loading=\"lazy\" src=\"http:\/\/www.protecsa.com.co\/new_web\/images\/esq1.jpg\" alt=\"\" width=\"15\" height=\"15\" \/><\/td>\n<td width=\"95%\" background=\"http:\/\/www.protecsa.com.co\/new_web\/images\/top.jpg\"><img loading=\"lazy\" src=\"http:\/\/www.protecsa.com.co\/new_web\/images\/top.jpg\" alt=\"\" width=\"6\" height=\"15\" \/><\/td>\n<td width=\"3%\"><img loading=\"lazy\" src=\"http:\/\/www.protecsa.com.co\/new_web\/images\/esq2.jpg\" alt=\"\" width=\"15\" height=\"15\" \/><\/td>\n<\/tr>\n<tr>\n<td background=\"http:\/\/www.protecsa.com.co\/new_web\/images\/left.jpg\"><img loading=\"lazy\" src=\"http:\/\/www.protecsa.com.co\/new_web\/images\/spacer.gif\" alt=\"\" width=\"15\" height=\"200\" \/><\/td>\n<td align=\"center\" valign=\"top\">\n<table border=\"0\" cellspacing=\"0\" cellpadding=\"0\" width=\"280\">\n<tbody>\n<tr>\n<td width=\"35\"><img loading=\"lazy\" src=\"http:\/\/www.protecsa.com.co\/new_web\/images\/loguito.jpg\" alt=\"\" width=\"35\" height=\"35\" \/><\/td>\n<td width=\"245\" align=\"left\"><img loading=\"lazy\" src=\"http:\/\/www.protecsa.com.co\/new_web\/images\/qs.jpg\" alt=\"\" width=\"143\" height=\"19\" \/><\/td>\n<\/tr>\n<tr>\n<td colspan=\"2\" height=\"165\">Desde 1996 somos la primera compa\u00f1\u00eda afianzadora en garantizar las obligaciones adquiridas en contratos de arrendamiento, con alto nivel de compromiso en la prestaci\u00f3n del servicio personalizado, para satisfacer las necesidades del sector inmobiliario.<\/p>\n<p><a href=\"http:\/\/www.protecsa.com.co\/new_web\/index.php?ver=contenidos&amp;Id_contenido=1\">CONOZCA M\u00c1S DE PROTECSA<\/a>.<\/td>\n<\/tr>\n<\/tbody>\n<\/table>\n<\/td>\n<td background=\"http:\/\/www.protecsa.com.co\/new_web\/images\/right.jpg\"><img loading=\"lazy\" src=\"http:\/\/www.protecsa.com.co\/new_web\/images\/right.jpg\" alt=\"\" width=\"15\" height=\"4\" \/><\/td>\n<\/tr>\n<tr>\n<td><img loading=\"lazy\" src=\"http:\/\/www.protecsa.com.co\/new_web\/images\/esq3.jpg\" alt=\"\" width=\"15\" height=\"15\" \/><\/td>\n<td background=\"http:\/\/www.protecsa.com.co\/new_web\/images\/bottom.jpg\"><img loading=\"lazy\" src=\"http:\/\/www.protecsa.com.co\/new_web\/images\/bottom.jpg\" alt=\"\" width=\"6\" height=\"15\" \/><\/td>\n<td><img loading=\"lazy\" src=\"http:\/\/www.protecsa.com.co\/new_web\/images\/esq4.jpg\" alt=\"\" width=\"15\" height=\"15\" \/><\/td>\n<\/tr>\n<\/tbody>\n<\/table>\n<\/td>\n<td align=\"center\" valign=\"top\">\n<table border=\"0\" cellspacing=\"0\" cellpadding=\"0\" width=\"310\">\n<tbody>\n<tr>\n<td width=\"2%\"><img loading=\"lazy\" src=\"http:\/\/www.protecsa.com.co\/new_web\/images\/esq1.jpg\" alt=\"\" width=\"15\" height=\"15\" \/><\/td>\n<td width=\"95%\" background=\"http:\/\/www.protecsa.com.co\/new_web\/images\/top.jpg\"><img loading=\"lazy\" src=\"http:\/\/www.protecsa.com.co\/new_web\/images\/top.jpg\" alt=\"\" width=\"6\" height=\"15\" \/><\/td>\n<td width=\"3%\"><img loading=\"lazy\" src=\"http:\/\/www.protecsa.com.co\/new_web\/images\/esq2.jpg\" alt=\"\" width=\"15\" height=\"15\" \/><\/td>\n<\/tr>\n<tr>\n<td background=\"http:\/\/www.protecsa.com.co\/new_web\/images\/left.jpg\"><img loading=\"lazy\" src=\"http:\/\/www.protecsa.com.co\/new_web\/images\/spacer.gif\" alt=\"\" width=\"15\" height=\"200\" \/><\/td>\n<td align=\"center\" valign=\"top\">\n<table border=\"0\" cellspacing=\"0\" cellpadding=\"0\" width=\"100%\">\n<tbody>\n<tr>\n<td width=\"5%\"><img loading=\"lazy\" src=\"http:\/\/www.protecsa.com.co\/new_web\/images\/loguito.jpg\" alt=\"\" width=\"35\" height=\"35\" \/><\/td>\n<td width=\"95%\" align=\"left\"><img loading=\"lazy\" src=\"http:\/\/www.protecsa.com.co\/new_web\/images\/certificacion.jpg\" alt=\"\" width=\"200\" height=\"19\" \/><\/td>\n<\/tr>\n<tr>\n<td colspan=\"2\" height=\"165\">Mantenemos un sistema de gesti\u00f3n de calidad, con la certificaci\u00f3n ISO 9001-2008 de ICONTEC, en los procesos de afianzamiento para inmuebles. Este aspecto nos permite avanzar hacia la excelencia en la prestaci\u00f3n de servicios y el cont\u00ednuo desarrollo del sector inmobiliario.<\/td>\n<\/tr>\n<\/tbody>\n<\/table>\n<\/td>\n<td background=\"http:\/\/www.protecsa.com.co\/new_web\/images\/right.jpg\"><img loading=\"lazy\" src=\"http:\/\/www.protecsa.com.co\/new_web\/images\/right.jpg\" alt=\"\" width=\"15\" height=\"4\" \/><\/td>\n<\/tr>\n<tr>\n<td><img loading=\"lazy\" src=\"http:\/\/www.protecsa.com.co\/new_web\/images\/esq3.jpg\" alt=\"\" width=\"15\" height=\"15\" \/><\/td>\n<td background=\"http:\/\/www.protecsa.com.co\/new_web\/images\/bottom.jpg\"><img loading=\"lazy\" src=\"http:\/\/www.protecsa.com.co\/new_web\/images\/bottom.jpg\" alt=\"\" width=\"6\" height=\"15\" \/><\/td>\n<td><img loading=\"lazy\" src=\"http:\/\/www.protecsa.com.co\/new_web\/images\/esq4.jpg\" alt=\"\" width=\"15\" height=\"15\" \/><\/td>\n<\/tr>\n<\/tbody>\n<\/table>\n<\/td>\n<\/tr>\n<\/tbody>\n<\/table>\n<p><span style=\"font-size: small;\"><span style=\"line-height: normal;\"><br \/>\n<\/span><\/span><\/p>\n<p>Accesos:<\/p>\n<p><a title=\"Formulario\" href=\"http:\/\/www.protecsa.com.co\/new_web\/solicitud_arrendamiento.pdf\" target=\"_blank\"><img loading=\"lazy\" src=\"http:\/\/www.ellibertador.com.co\/images\/icono-pdf.jpg\" alt=\"\" hspace=\"10\" width=\"53\" height=\"59\" align=\"left\" \/>Descargue aqu\u00ed el formulario de aplicaci\u00f3n.<\/a> (No olvide que somos la inmobiliaria #404 en el c\u00f3digo)<\/p>\n<p><a title=\"Consulta aplicaciones\" href=\"http:\/\/www.protecsa.com.co\/new_web\/resultadosolicitud.php\" target=\"_blank\">Consulte aqu\u00ed su estado de aplicaci\u00f3n.<\/a><\/p>\n<p>Puntos de atenci\u00f3n y radicaci\u00f3n de formularios:<\/p>\n<p><img src=\"http:\/\/www.protecsa.com.co\/new_web\/images\/bannercontactenos.jpg\" alt=\"\" \/><\/p>\n<p><!--more--><\/p>\n<p>\ufeff<a rel=\"attachment wp-att-1770\" href=\"http:\/\/fiduinmobiliarios.com\/?attachment_id=1770\"><img loading=\"lazy\" class=\"alignleft size-full wp-image-1770\" title=\"el libertador\" src=\"http:\/\/fiduinmobiliarios.com\/wp-content\/uploads\/2011\/03\/el-libertador.png\" alt=\"\" width=\"992\" height=\"173\" srcset=\"http:\/\/fiduinmobiliarios.com\/wp-content\/uploads\/2011\/03\/el-libertador.png 992w, http:\/\/fiduinmobiliarios.com\/wp-content\/uploads\/2011\/03\/el-libertador-150x26.png 150w\" sizes=\"(max-width: 992px) 100vw, 992px\" \/><\/a><\/p>\n<p><img loading=\"lazy\" src=\"http:\/\/www.ellibertador.com.co\/images\/1_z2.gif\" alt=\"\" width=\"6\" height=\"9\" \/> NUESTRA COMPA\u00d1\u00cdA<\/p>\n<p>Como compa\u00f1ia del\u00a0Grupo Empresarial Bolivar\u00a0desde el a\u00f1o 1956, El Libertador ha orientado su actividad exclusivamente hacia el desarrollo, implementaci\u00f3n y administraci\u00f3n del seguro inmobiliario, realizando permanentemente actividades encaminadas al fortalecimiento y profesionalizaci\u00f3n del sector inmobiliario de Colombia. Estudiamos, investigamos y analizamos\u00a0 los documentos que demuestran la solvencia moral y econ\u00f3mica de los posibles arrendatarios de las solicitudes que son presentadas por personas naturales o jur\u00eddicas cuya actividad formal es el arrendamiento de inmuebles propios o de terceros, as\u00ed como las funciones de recuperaci\u00f3n y salvamento de los siniestros indemnizados y la restituci\u00f3n de inmuebles en desarrollo del contrato de seguro.<\/p>\n<p>Continuaremos\u00a0construyendo reputaci\u00f3n y liderazgo dentro de la actividad aseguradora inmobiliaria,\u00a0siendo percibidos como una empresa 100% comprometida con el sector inmobiliario en nuestro pa\u00eds,\u00a0desarrollando nuevos productos y servicios\u00a0apoyados con sistemas y tecnolog\u00eda modernos, contando con personal disciplinado, talentoso, id\u00f3neo, creativo e innovador.<\/p>\n<p><strong><img loading=\"lazy\" src=\"http:\/\/www.ellibertador.com.co\/images\/foto-compania.jpg\" alt=\"\" width=\"605\" height=\"200\" \/><\/strong><\/p>\n<p>Bienvenido, aqu\u00ed encontrar\u00e1 recomendaciones que ser\u00e1n de gran utilidad para que usted como\u00a0<strong>ARRENDATARIO<\/strong> tenga en\u00a0cuenta: Es importante que usted siga las recomendaciones que le damos haciendo click\u00a0<a href=\"http:\/\/www.ellibertador.com.co\/htms\/formularios_para_estudio_de_solicitud.html\"><strong><em>aqu\u00ed<\/em><\/strong>. <\/a><br \/>\n<img loading=\"lazy\" src=\"http:\/\/www.ellibertador.com.co\/images\/linea-692.jpg\" alt=\"\" width=\"692\" height=\"18\" \/><\/p>\n<p>Recuerde que es necesario presentar uno o dos deudores solidarios, de acuerdo al valor del canon mensual de arrendamiento, quienes deber\u00e1n, individualmente, diligenciar el formulario de estudio de solicitud y acreditar ingresos m\u00ednimo por el doble del valor del canon.<\/p>\n<p>Adem\u00e1s, deber\u00e1 cancelar un valor por el estudio de acuerdo al rango en el que se encuentre el canon de arrendamiento. Para conocer estos valores haga click\u00a0<a title=\"Consulta\" href=\"http:\/\/www.ellibertador.com.co\/index.html\" target=\"_blank\"><strong><em>aqu\u00ed<\/em><\/strong>.<\/a><\/p>\n<p>Al radicar su solicitud adjunte los formularios y documentos de sus deudores solidarios.<\/p>\n<p>Una vez radicada la solicitud, usted y sus deudores deber\u00e1n estar atentos a la llamada telef\u00f3nica de El Libertador, que se realizar\u00e1 en las siguientes 24 horas .<\/p>\n<p>Si por alguna circunstancia no le es posible tomar en arrendamiento el inmueble para el que le fue aprobada la solicitud, usted puede trasladar ese resultado para otro inmueble u otra inmobiliaria, siempre y cuando esta tenga vigente la P\u00f3liza Colectiva de Cumplimiento para Contratos de Arrendamiento de Seguros Comerciales Bol\u00edvar S.A. y el nuevo canon de arrendamiento est\u00e9 dentro del rango aprobado.<\/p>\n<p>El traslado del resultado de su solicitud se logra mediante una llamada telef\u00f3nica a la oficina en donde radic\u00f3 sus documentos e informar:<\/p>\n<p><img loading=\"lazy\" src=\"http:\/\/www.ellibertador.com.co\/images\/blanco.jpg\" alt=\"\" width=\"40\" height=\"50\" align=\"left\" \/>-N\u00famero de solicitud<br \/>\n-Direcci\u00f3n del nuevo inmueble<br \/>\n-Valor del canon del nuevo inmueble<br \/>\n-Nombre de la nueva inmobiliaria, si es el caso.<\/p>\n<p><strong> <\/strong><\/p>\n<p><strong> <\/strong><\/p>\n<p><strong>La vigencia del estudio<\/strong> para el arrendatario y sus deudores solidarios ser\u00e1 de tres (3) meses contados a partir de la fecha de aprobaci\u00f3n.<\/p>\n<p>Realice mensualmente el pago oportuno de su arrendamiento, las cuotas\u00a0de administraci\u00f3n, si las hubiere y los servicios p\u00fablicos correspondientes.<\/p>\n<p>Tenga siempre en cuenta el Reglamento de Propiedad Horizontal vigente en su copropiedad y s\u00edgalo debidamente.<\/p>\n<p><strong> <\/strong><\/p>\n<p><strong> <\/strong><\/p>\n<p><strong>Dentro de los contratos de arrendamiento, de acuerdo a la ley no podr\u00e1:<\/strong><\/p>\n<p>&#8211; Subarrendar el inmueble parcial o totalmente.<br \/>\n&#8211; Cambiar la destinaci\u00f3n del inmueble, seg\u00fan lo pactado.<br \/>\n&#8211; Efectuar mejoras sin la debida autorizaci\u00f3n.<br \/>\n&#8211; Contratar nuevos o adicionales servicios p\u00fablicos.<\/p>\n<p>Nunca olvide entregar el inmueble en las mismas condiciones en las que usted lo recibi\u00f3.<\/p>\n<p>Accesos:<\/p>\n<table border=\"0\" cellspacing=\"0\" cellpadding=\"0\" width=\"990\" bgcolor=\"#FFFFFF\">\n<tbody>\n<tr>\n<td width=\"250\" valign=\"top\" background=\"http:\/\/www.ellibertador.com.co\/images\/bg-250.jpg\">\n<table border=\"0\" cellspacing=\"0\" cellpadding=\"0\" width=\"250\" bgcolor=\"#FFFFFF\">\n<tbody>\n<tr>\n<td><\/td>\n<\/tr>\n<\/tbody>\n<\/table>\n<table border=\"0\" cellspacing=\"0\" cellpadding=\"0\" width=\"250\">\n<tbody>\n<tr>\n<td>\n<div><img loading=\"lazy\" src=\"http:\/\/www.ellibertador.com.co\/images\/tit-form-xra-est-solicitud.jpg\" alt=\"\" width=\"235\" height=\"35\" \/><\/div>\n<\/td>\n<\/tr>\n<\/tbody>\n<\/table>\n<p>&nbsp;<\/td>\n<td width=\"740\" valign=\"top\"><img loading=\"lazy\" src=\"http:\/\/www.ellibertador.com.co\/images\/660-firma.jpg\" alt=\"\" width=\"660\" height=\"100\" align=\"right\" \/>&nbsp;<\/p>\n<p>&nbsp;<\/p>\n<p>&nbsp;<\/p>\n<p>&nbsp;<\/p>\n<p>Aqui encontrar\u00e1 los formatos para Persona Natural y Persona Jur\u00eddica, necesarios al momento de radicar los documentos para estudio de solicitud de arrendamiento.<\/p>\n<p><img loading=\"lazy\" src=\"http:\/\/www.ellibertador.com.co\/images\/linea-692.jpg\" alt=\"\" width=\"692\" height=\"18\" \/><\/p>\n<p><strong>RECOMENDACIONES<\/strong><\/p>\n<p>1. Para diligenciar el formulario, ub\u00cdquese en cada uno de los campos y digite la informaci\u00f3n requerida. Los formatos se encuentran en formato PDF para lo cual debe poseer\u00a0<strong>Acrobat Reader<\/strong>, si no cuenta con este programa haga click\u00a0<a href=\"http:\/\/www.adobe.com\/es\/products\/reader\/\" target=\"_blank\">aqu\u00ed.<\/a><\/p>\n<p>2. Adjunte fotocopias legibles de los documentos requeridos. Recuerde que\u00a0<strong>NO<\/strong> devolvemos ning\u00fan documento anexo a la solicitud.<\/p>\n<p>3. Cancele el valor del estudio de acuerdo al monto del canon y a la tabla de valores de estudio, consignando en la\u00a0<strong>Cuenta de Ahorros de Davivienda No. 00650018589-4 a nombre de Investigaciones y Cobranzas El Libertador S.A.<\/strong>, en cualquier oficina DAVIVIENDA (sujetos a cambios sin previo aviso).<\/p>\n<p>4. Se hace necesario una copia del formulario diligenciado, sin importar que sea persona Natural y\/o Jur\u00eddica.<\/p>\n<p>5. El formulario debe entregarse con la firma y huella original.<\/p>\n<p>6. Radique su solicitud en cualquiera de nuestros Puntos de Servicio y\u00a0<strong>23 horas despu\u00e9s<\/strong>, podr\u00e1 consultar su resultado por medio de nuestra pagina web.<\/p>\n<p>Le recomendamos\u00a0<strong>NO<\/strong> acuda a fiadores de profesi\u00f3n, pues hacerlo autom\u00e1ticamente anula su solicitud.<\/p>\n<p><img loading=\"lazy\" src=\"http:\/\/www.ellibertador.com.co\/images\/linea-692.jpg\" alt=\"\" width=\"692\" height=\"18\" \/><\/p>\n<p>No olvide que nuestro n\u00famero de p\u00f3liza es la \u00a0#1157 para que siempre la radique en los formularios y al momento de entregar la documentaci\u00f3n.<\/p>\n<table border=\"0\" cellspacing=\"0\" cellpadding=\"0\" width=\"740\">\n<tbody>\n<tr>\n<td width=\"50%\" valign=\"top\">\n<div>\n<p>FORMATO PERSONA NATURAL<\/p>\n<p><img loading=\"lazy\" src=\"http:\/\/www.ellibertador.com.co\/images\/icono-pdf.jpg\" alt=\"\" hspace=\"10\" width=\"53\" height=\"59\" align=\"left\" \/><br \/>\n<a title=\"Instrucciones\" href=\"http:\/\/www.ellibertador.com.co\/downloads\/Instrucciones%20de%20uso%20Persona%20Natural.pdf\" target=\"_blank\"><img loading=\"lazy\" src=\"http:\/\/www.ellibertador.com.co\/images\/1_z2.gif\" alt=\"\" width=\"6\" height=\"9\" \/> (instrucciones de uso)<\/a><\/p>\n<p><a title=\"Formulario libertadores\" href=\"http:\/\/www.ellibertador.com.co\/downloads\/Formulario_Persona_Natural.pdf\" target=\"_blank\"><img loading=\"lazy\" src=\"http:\/\/www.ellibertador.com.co\/images\/1_z2.gif\" alt=\"\" width=\"6\" height=\"9\" \/> Descargar formulario en PDF&gt;&gt;<\/a><\/p>\n<\/div>\n<\/td>\n<td width=\"50%\" valign=\"top\">\n<div>\n<p>FORMATO PERSONA JUR\u00cdDICA<\/p>\n<p><img loading=\"lazy\" src=\"http:\/\/www.ellibertador.com.co\/images\/icono-pdf.jpg\" alt=\"\" hspace=\"10\" width=\"53\" height=\"59\" align=\"left\" \/><br \/>\n<a title=\"Instrucciones persona jur\u00eddica Los libertadores\" href=\"http:\/\/www.ellibertador.com.co\/downloads\/Instrucciones%20de%20uso%20Persona%20Juridica.pdf\" target=\"_blank\"><img loading=\"lazy\" src=\"http:\/\/www.ellibertador.com.co\/images\/1_z2.gif\" alt=\"\" width=\"6\" height=\"9\" \/> (instrucciones de uso)<\/a><\/p>\n<p><a title=\"Formulario personas jur\u00eddicas Los libertadores\" href=\"http:\/\/www.ellibertador.com.co\/downloads\/Formulario_Persona_Juridica.pdf\" target=\"_blank\"><img loading=\"lazy\" src=\"http:\/\/www.ellibertador.com.co\/images\/1_z2.gif\" alt=\"\" width=\"6\" height=\"9\" \/> Descargar formulario en PDF&gt;&gt;<\/a><\/p>\n<\/div>\n<\/td>\n<\/tr>\n<\/tbody>\n<\/table>\n<\/td>\n<\/tr>\n<\/tbody>\n<\/table>\n<p>&nbsp;<\/p>\n<table border=\"0\" cellspacing=\"0\" cellpadding=\"0\" width=\"990\" bgcolor=\"#FFFFFF\">\n<tbody>\n<tr>\n<td width=\"440\" valign=\"top\">\n<table border=\"0\" cellspacing=\"0\" cellpadding=\"0\" width=\"990\" bgcolor=\"#FFFFFF\">\n<tbody>\n<tr>\n<td width=\"250\" height=\"60\" valign=\"top\" background=\"http:\/\/www.ellibertador.com.co\/images\/bg-250.jpg\">\n<table border=\"0\" cellspacing=\"0\" cellpadding=\"0\" width=\"250\" bgcolor=\"#FFFFFF\">\n<tbody>\n<tr>\n<td><\/td>\n<\/tr>\n<\/tbody>\n<\/table>\n<table border=\"0\" cellspacing=\"0\" cellpadding=\"0\" width=\"250\">\n<tbody>\n<tr>\n<td>\n<div><img loading=\"lazy\" src=\"http:\/\/www.ellibertador.com.co\/images\/tit-puntos.jpg\" alt=\"\" width=\"235\" height=\"35\" \/><\/div>\n<\/td>\n<\/tr>\n<\/tbody>\n<\/table>\n<p>&nbsp;<\/td>\n<td width=\"740\" valign=\"top\">\n<table border=\"0\" cellspacing=\"0\" cellpadding=\"0\" width=\"740\">\n<tbody>\n<tr>\n<td colspan=\"3\" valign=\"top\"><img loading=\"lazy\" src=\"http:\/\/www.ellibertador.com.co\/images\/blanco.jpg\" alt=\"\" width=\"35\" height=\"40\" align=\"left\" \/>SERVICIO AL CLIENTE:<br \/>\nNuestra compa\u00f1\u00eda pone a su disposici\u00f3n este canal de comunicaci\u00f3n para conocer sus opiniones y sugerencias.<br \/>\nPara esto haga<a title=\"Contacto los libertadores\" href=\"gina.vera@segurosbolivar.com; paola.mora@segurosbolivar.com; servicioalcliente@fiduinmobiliarios.com\"> click aqu\u00ed.<\/a><\/td>\n<\/tr>\n<tr>\n<td width=\"235\" valign=\"top\">&nbsp;<\/p>\n<p><img loading=\"lazy\" src=\"http:\/\/www.ellibertador.com.co\/images\/tit-146-bogota.jpg\" alt=\"\" width=\"146\" height=\"35\" \/><\/p>\n<p>OF. CENTRO<br \/>\nINTERNACIONAL<br \/>\nCarrera 13 # 26 &#8211; 45 Piso 9<br \/>\nPBX&gt; 352 7070<br \/>\nFax&gt; 352 7070 Ext: 204<\/p>\n<p>OF. UNICENTRO<br \/>\nAvenida 15 # 124 &#8211; 29<br \/>\nTels&gt; 214 2092 &#8211; 213 7946 &#8211; 213 6239<br \/>\nFax&gt; 214 4757<\/p>\n<p>OF. AVENIDA CHILE<br \/>\nCarrera 7 # 71 &#8211; 21 Loc. 101 A<br \/>\nInterior oficina Davivienda<br \/>\nTel&gt; 330 0000 Ext. 4595<\/p>\n<p>OF. C.C CENTRO CH\u00cdA<br \/>\nAvenida pradilla # 9 &#8211; 00 Este Loc. 101<br \/>\nInterior oficina Davivienda<br \/>\nTel&gt; 861 5288<\/p>\n<p><img loading=\"lazy\" src=\"http:\/\/www.ellibertador.com.co\/images\/tit-146-cali.jpg\" alt=\"\" width=\"146\" height=\"35\" \/><\/p>\n<p>OF. PRINCIPAL<br \/>\nCarrera 4 # 12 &#8211; 41 Of. 203<br \/>\nEd. Seguros Bol\u00edvar<br \/>\nPBX&gt; 888 9028<br \/>\nFax&gt; 888 9038<\/p>\n<p>OF. NORTE<br \/>\nAvenida 8 Norte # 18 N &#8211; 44 Interior Oficina Davivienda<br \/>\nTel&gt; 608 6778<\/td>\n<td width=\"246\" valign=\"top\"><img loading=\"lazy\" src=\"http:\/\/www.ellibertador.com.co\/images\/tit-146-medellin.jpg\" alt=\"\" width=\"146\" height=\"35\" \/>&nbsp;<\/p>\n<p>OF. PRINCIPAL EL POBLADO<br \/>\nCalle 9 # 42 &#8211; 55 Piso 2<br \/>\nPBX&gt; 444 5800 Opci\u00f3n 1<br \/>\nFax&gt; 444 5800 Ext&gt; 444<\/p>\n<p>OF. EDIFICIO SAN PABLO<br \/>\nCalle 49B # 64B &#8211; 54 Of. 401<br \/>\nPBX&gt; 444 5800 Opci\u00f3n 2<br \/>\nFax&gt; 230 1258<\/p>\n<p>OF. SAN JU\u00c1N<br \/>\nCalle 44 # 69 &#8211; 06<br \/>\nEd. Seguros Bol\u00edvar<\/p>\n<p><img loading=\"lazy\" src=\"http:\/\/www.ellibertador.com.co\/images\/tit-146-bucaramanga.jpg\" alt=\"\" width=\"146\" height=\"35\" \/><\/p>\n<p>OF. PRINCIPAL<br \/>\nCalle 44 # 29 A &#8211; 41 Of. 209<br \/>\nPBX&gt; 632 2277<br \/>\nFax&gt; 632 2277 Ext. 202<\/p>\n<p>OFICINA CENTRO<br \/>\nCalle 36 # 17 &#8211; 25 Piso 1<br \/>\nEd. Seguros Bol\u00edvar<br \/>\nTel&gt; 670 7626 &#8211; 652 1818<\/p>\n<p><img loading=\"lazy\" src=\"http:\/\/www.ellibertador.com.co\/images\/tit-146-pereira.jpg\" alt=\"\" width=\"146\" height=\"35\" \/><\/p>\n<p>Carrera 7 # 19 &#8211; 28 Of. 803 &#8211; 804 &#8211; 805 Ed. Seguros Bol\u00edvar<br \/>\nTel&gt; 334 7411<br \/>\nFax&gt; 334 7411 Ext&gt; 116<\/p>\n<p><img loading=\"lazy\" src=\"http:\/\/www.ellibertador.com.co\/images\/tit-146-manizales.jpg\" alt=\"\" width=\"146\" height=\"35\" \/><\/p>\n<p>Carrera 22 # 20 &#8211; 43 Piso 2<br \/>\nEd. Seguros Bol\u00edvar<br \/>\nTel&gt; 880 0174<br \/>\n<img loading=\"lazy\" src=\"http:\/\/www.ellibertador.com.co\/images\/blanco.jpg\" alt=\"\" width=\"20\" height=\"60\" \/><\/td>\n<td width=\"257\" valign=\"top\"><img loading=\"lazy\" src=\"http:\/\/www.ellibertador.com.co\/images\/tit-146-armenia.jpg\" alt=\"\" width=\"146\" height=\"35\" \/>&nbsp;<\/p>\n<p>Carrera 15 # 2 Norte &#8211; 48<br \/>\nEd. Seguros Bol\u00edvar<br \/>\nTel&gt; 746 1088<\/p>\n<p><img loading=\"lazy\" src=\"http:\/\/www.ellibertador.com.co\/images\/tit-146-barranquilla.jpg\" alt=\"\" width=\"146\" height=\"35\" \/><\/p>\n<p>OF. PRINCIPAL<br \/>\nCarrera 46 # 44 &#8211; 65 Piso 4 Edificio Seguros Bol\u00edvar<br \/>\nTel&gt; 371 0400 Ext. 107 &#8211; 113 &#8211; 153 &#8211; 111<br \/>\nFax&gt; 371 0400 Ext&gt; 165<\/p>\n<p>OFICINA PRADA<br \/>\nCarrera 54 # 70 &#8211; 189 Local 2<br \/>\nTel&gt; 360 4752<\/p>\n<p><img loading=\"lazy\" src=\"http:\/\/www.ellibertador.com.co\/images\/tit-146-cartagena.jpg\" alt=\"\" width=\"146\" height=\"35\" \/><\/p>\n<p>Carrera 5 # 6 &#8211; 77 Bocagrande<br \/>\nEd. Seguros Bol\u00edvar<br \/>\nTels&gt; 655 1559<br \/>\nFax&gt; 655 1394<\/p>\n<p><img loading=\"lazy\" src=\"http:\/\/www.ellibertador.com.co\/images\/tit-146-monteria.jpg\" alt=\"\" width=\"146\" height=\"35\" \/><\/p>\n<p>Carrera 2 # 27 &#8211; 41 Loc. 102<br \/>\nEd. Seguros Bol\u00edvar<br \/>\nTels&gt; 781 0509 &#8211; 781 0536<\/p>\n<p><img loading=\"lazy\" src=\"http:\/\/www.ellibertador.com.co\/images\/tit-146-villavicencio.jpg\" alt=\"\" width=\"146\" height=\"35\" \/><\/p>\n<p>Calle 33 B # 36 &#8211; 57<br \/>\nEd. Seguros Bol\u00edvar<br \/>\nTel&gt; 672 3838 Ext. 120<br \/>\nFax&gt; 6623598<\/p>\n<p>&nbsp;<\/td>\n<\/tr>\n<\/tbody>\n<\/table>\n<\/td>\n<\/tr>\n<\/tbody>\n<\/table>\n<\/td>\n<\/tr>\n<\/tbody>\n<\/table>\n<table border=\"0\" cellspacing=\"0\" cellpadding=\"0\" width=\"990\" height=\"190    \" background=\"http:\/\/www.ellibertador.com.co\/images\/pata-2.jpg\">\n<tbody>\n<tr>\n<td height=\"150\"><\/td>\n<\/tr>\n<tr>\n<td height=\"40\"><\/td>\n<\/tr>\n<\/tbody>\n<\/table>\n<p><strong><br \/>\n<\/strong><\/p>\n<p>&nbsp;<\/p>\n<p>&nbsp;<\/p>\n<div><span style=\"font-size: 11px; line-height: normal;\"><br \/>\n<\/span><\/div>\n","protected":false},"excerpt":{"rendered":"<p>Seleccione aqu\u00ed la compa\u00f1\u00eda aseguradora que el asesor le inform\u00f3 en su visita comercial a trabajar: &nbsp; Protecci\u00f3n Inmobiliaria S.A. \u00abPROTECSA\u00bb es la primera compa\u00f1\u00eda afianzadora de CONTRATOS DE ARRENDAMIENTO en Bogot\u00e1, que garantiza el pago de arrendamientos no pagados por los inquilinos y ofrece servicios de asesor\u00eda jur\u00eddica, comercial y t\u00e9cnica en finca ra\u00edz. [&hellip;]<\/p>\n","protected":false},"author":1,"featured_media":0,"parent":0,"menu_order":0,"comment_status":"open","ping_status":"open","template":"","meta":[],"_links":{"self":[{"href":"http:\/\/fiduinmobiliarios.com\/index.php?rest_route=\/wp\/v2\/pages\/1126"}],"collection":[{"href":"http:\/\/fiduinmobiliarios.com\/index.php?rest_route=\/wp\/v2\/pages"}],"about":[{"href":"http:\/\/fiduinmobiliarios.com\/index.php?rest_route=\/wp\/v2\/types\/page"}],"author":[{"embeddable":true,"href":"http:\/\/fiduinmobiliarios.com\/index.php?rest_route=\/wp\/v2\/users\/1"}],"replies":[{"embeddable":true,"href":"http:\/\/fiduinmobiliarios.com\/index.php?rest_route=%2Fwp%2Fv2%2Fcomments&post=1126"}],"version-history":[{"count":18,"href":"http:\/\/fiduinmobiliarios.com\/index.php?rest_route=\/wp\/v2\/pages\/1126\/revisions"}],"predecessor-version":[{"id":9920,"href":"http:\/\/fiduinmobiliarios.com\/index.php?rest_route=\/wp\/v2\/pages\/1126\/revisions\/9920"}],"wp:attachment":[{"href":"http:\/\/fiduinmobiliarios.com\/index.php?rest_route=%2Fwp%2Fv2%2Fmedia&parent=1126"}],"curies":[{"name":"wp","href":"https:\/\/api.w.org\/{rel}","templated":true}]}}